{"id":6,"date":"2018-11-04T19:00:05","date_gmt":"2018-11-04T18:00:05","guid":{"rendered":"http:\/\/rs-formation-conseil.fr\/?page_id=6"},"modified":"2025-04-12T20:56:31","modified_gmt":"2025-04-12T18:56:31","slug":"accueil","status":"publish","type":"page","link":"https:\/\/rs-formation-conseil.fr\/","title":{"rendered":"Accueil"},"content":{"rendered":"<p>Bienvenue sur le site de RS Formation et conseil.<\/p>\n<p>Nous proposons des formations sur les sujets suivants :<\/p>\n<ul>\n<li>Cybersecurit\u00e9 des SI industriels<\/li>\n<li>Comptabilit\u00e9<\/li>\n<li>Fiscalit\u00e9<\/li>\n<li>Gestion d&rsquo;entreprise<\/li>\n<\/ul>\n\n\n<p><\/p>\n\n\n\n<h2 class=\"wp-block-heading\"><strong>Liste des derniers articles de Roland Soulli\u00e9<\/strong><\/h2>\n\n\n\n<div class=\"wp-block-query is-layout-flow wp-block-query-is-layout-flow\"><ul class=\"wp-block-post-template is-layout-flow wp-block-post-template-is-layout-flow\"><li class=\"wp-block-post post-99 post type-post status-publish format-standard has-post-thumbnail hentry category-roland-soullie\">\n\n<div class=\"wp-block-columns are-vertically-aligned-center is-layout-flex wp-container-core-columns-is-layout-1 wp-block-columns-is-layout-flex\">\n<div class=\"wp-block-column is-vertically-aligned-center is-layout-flow wp-block-column-is-layout-flow\" style=\"flex-basis:25%\"><figure class=\"wp-block-post-featured-image\"><a href=\"https:\/\/rs-formation-conseil.fr\/index.php\/2025\/04\/12\/la-formule-magique-de-trump-pour-calculer-les-droits-de-douane-du-jour-de-liberation-au-temps-de-pause-un-parcours-chaotique\/\" target=\"_self\"  ><img loading=\"lazy\" decoding=\"async\" width=\"1200\" height=\"1200\" src=\"https:\/\/rs-formation-conseil.fr\/wp-content\/uploads\/2025\/04\/blog_trump-1-1200x1200.png\" class=\"attachment-post-thumbnail size-post-thumbnail wp-post-image\" alt=\"La formule magique de Trump pour calculer les droits de douane ;du jour de lib\u00e9ration au temps de pause, un parcours chaotique !\" style=\"object-fit:cover;\" srcset=\"https:\/\/rs-formation-conseil.fr\/wp-content\/uploads\/2025\/04\/blog_trump-1-1200x1200.png 1200w, https:\/\/rs-formation-conseil.fr\/wp-content\/uploads\/2025\/04\/blog_trump-1-300x300.png 300w, https:\/\/rs-formation-conseil.fr\/wp-content\/uploads\/2025\/04\/blog_trump-1-1024x1024.png 1024w, https:\/\/rs-formation-conseil.fr\/wp-content\/uploads\/2025\/04\/blog_trump-1-150x150.png 150w, https:\/\/rs-formation-conseil.fr\/wp-content\/uploads\/2025\/04\/blog_trump-1-768x768.png 768w, https:\/\/rs-formation-conseil.fr\/wp-content\/uploads\/2025\/04\/blog_trump-1-1536x1536.png 1536w, https:\/\/rs-formation-conseil.fr\/wp-content\/uploads\/2025\/04\/blog_trump-1-2048x2048.png 2048w\" sizes=\"auto, (max-width: 709px) 85vw, (max-width: 909px) 67vw, (max-width: 984px) 60vw, (max-width: 1362px) 62vw, 840px\" \/><\/a><\/figure><\/div>\n\n\n\n<div class=\"wp-block-column is-vertically-aligned-center is-layout-flow wp-block-column-is-layout-flow\" style=\"flex-basis:75%\"><h2 class=\"wp-block-post-title\"><a href=\"https:\/\/rs-formation-conseil.fr\/index.php\/2025\/04\/12\/la-formule-magique-de-trump-pour-calculer-les-droits-de-douane-du-jour-de-liberation-au-temps-de-pause-un-parcours-chaotique\/\" target=\"_self\" >La formule magique de Trump pour calculer les droits de douane ;du jour de lib\u00e9ration au temps de pause, un parcours chaotique !<\/a><\/h2><\/div>\n<\/div>\n\n<\/li><li class=\"wp-block-post post-96 post type-post status-publish format-standard has-post-thumbnail hentry category-roland-soullie\">\n\n<div class=\"wp-block-columns are-vertically-aligned-center is-layout-flex wp-container-core-columns-is-layout-2 wp-block-columns-is-layout-flex\">\n<div class=\"wp-block-column is-vertically-aligned-center is-layout-flow wp-block-column-is-layout-flow\" style=\"flex-basis:25%\"><figure class=\"wp-block-post-featured-image\"><a href=\"https:\/\/rs-formation-conseil.fr\/index.php\/2025\/04\/12\/focus-sur-le-present-dusage\/\" target=\"_self\"  ><img loading=\"lazy\" decoding=\"async\" width=\"1024\" height=\"1024\" src=\"https:\/\/rs-formation-conseil.fr\/wp-content\/uploads\/2025\/04\/ChatGPT-Image-Apr-12-2025-08_39_57-PM.png\" class=\"attachment-post-thumbnail size-post-thumbnail wp-post-image\" alt=\"Focus sur le pr\u00e9sent d\u2019usage\" style=\"object-fit:cover;\" srcset=\"https:\/\/rs-formation-conseil.fr\/wp-content\/uploads\/2025\/04\/ChatGPT-Image-Apr-12-2025-08_39_57-PM.png 1024w, https:\/\/rs-formation-conseil.fr\/wp-content\/uploads\/2025\/04\/ChatGPT-Image-Apr-12-2025-08_39_57-PM-300x300.png 300w, https:\/\/rs-formation-conseil.fr\/wp-content\/uploads\/2025\/04\/ChatGPT-Image-Apr-12-2025-08_39_57-PM-150x150.png 150w, https:\/\/rs-formation-conseil.fr\/wp-content\/uploads\/2025\/04\/ChatGPT-Image-Apr-12-2025-08_39_57-PM-768x768.png 768w\" sizes=\"auto, (max-width: 709px) 85vw, (max-width: 909px) 67vw, (max-width: 984px) 60vw, (max-width: 1362px) 62vw, 840px\" \/><\/a><\/figure><\/div>\n\n\n\n<div class=\"wp-block-column is-vertically-aligned-center is-layout-flow wp-block-column-is-layout-flow\" style=\"flex-basis:75%\"><h2 class=\"wp-block-post-title\"><a href=\"https:\/\/rs-formation-conseil.fr\/index.php\/2025\/04\/12\/focus-sur-le-present-dusage\/\" target=\"_self\" >Focus sur le pr\u00e9sent d\u2019usage<\/a><\/h2><\/div>\n<\/div>\n\n<\/li><li class=\"wp-block-post post-93 post type-post status-publish format-standard has-post-thumbnail hentry category-roland-soullie\">\n\n<div class=\"wp-block-columns are-vertically-aligned-center is-layout-flex wp-container-core-columns-is-layout-3 wp-block-columns-is-layout-flex\">\n<div class=\"wp-block-column is-vertically-aligned-center is-layout-flow wp-block-column-is-layout-flow\" style=\"flex-basis:25%\"><figure class=\"wp-block-post-featured-image\"><a href=\"https:\/\/rs-formation-conseil.fr\/index.php\/2025\/04\/12\/la-fiscalite-des-dons-familiaux-change\/\" target=\"_self\"  ><img loading=\"lazy\" decoding=\"async\" width=\"1024\" height=\"1024\" src=\"https:\/\/rs-formation-conseil.fr\/wp-content\/uploads\/2025\/04\/ChatGPT-Image-Apr-12-2025-08_33_56-PM.png\" class=\"attachment-post-thumbnail size-post-thumbnail wp-post-image\" alt=\"La fiscalit\u00e9 des dons familiaux change !\" style=\"object-fit:cover;\" srcset=\"https:\/\/rs-formation-conseil.fr\/wp-content\/uploads\/2025\/04\/ChatGPT-Image-Apr-12-2025-08_33_56-PM.png 1024w, https:\/\/rs-formation-conseil.fr\/wp-content\/uploads\/2025\/04\/ChatGPT-Image-Apr-12-2025-08_33_56-PM-300x300.png 300w, https:\/\/rs-formation-conseil.fr\/wp-content\/uploads\/2025\/04\/ChatGPT-Image-Apr-12-2025-08_33_56-PM-150x150.png 150w, https:\/\/rs-formation-conseil.fr\/wp-content\/uploads\/2025\/04\/ChatGPT-Image-Apr-12-2025-08_33_56-PM-768x768.png 768w\" sizes=\"auto, (max-width: 709px) 85vw, (max-width: 909px) 67vw, (max-width: 984px) 60vw, (max-width: 1362px) 62vw, 840px\" \/><\/a><\/figure><\/div>\n\n\n\n<div class=\"wp-block-column is-vertically-aligned-center is-layout-flow wp-block-column-is-layout-flow\" style=\"flex-basis:75%\"><h2 class=\"wp-block-post-title\"><a href=\"https:\/\/rs-formation-conseil.fr\/index.php\/2025\/04\/12\/la-fiscalite-des-dons-familiaux-change\/\" target=\"_self\" >La fiscalit\u00e9 des dons familiaux change !<\/a><\/h2><\/div>\n<\/div>\n\n<\/li><\/ul><\/div>\n","protected":false},"excerpt":{"rendered":"<p>Bienvenue sur le site de RS Formation et conseil. Nous proposons des formations sur les sujets suivants : Cybersecurit\u00e9 des SI industriels Comptabilit\u00e9 Fiscalit\u00e9 Gestion d&rsquo;entreprise Liste des derniers articles de Roland Soulli\u00e9<\/p>\n","protected":false},"author":1,"featured_media":0,"parent":0,"menu_order":0,"comment_status":"closed","ping_status":"closed","template":"","meta":{"footnotes":""},"class_list":["post-6","page","type-page","status-publish","hentry"],"_links":{"self":[{"href":"https:\/\/rs-formation-conseil.fr\/index.php\/wp-json\/wp\/v2\/pages\/6","targetHints":{"allow":["GET"]}}],"collection":[{"href":"https:\/\/rs-formation-conseil.fr\/index.php\/wp-json\/wp\/v2\/pages"}],"about":[{"href":"https:\/\/rs-formation-conseil.fr\/index.php\/wp-json\/wp\/v2\/types\/page"}],"author":[{"embeddable":true,"href":"https:\/\/rs-formation-conseil.fr\/index.php\/wp-json\/wp\/v2\/users\/1"}],"replies":[{"embeddable":true,"href":"https:\/\/rs-formation-conseil.fr\/index.php\/wp-json\/wp\/v2\/comments?post=6"}],"version-history":[{"count":12,"href":"https:\/\/rs-formation-conseil.fr\/index.php\/wp-json\/wp\/v2\/pages\/6\/revisions"}],"predecessor-version":[{"id":107,"href":"https:\/\/rs-formation-conseil.fr\/index.php\/wp-json\/wp\/v2\/pages\/6\/revisions\/107"}],"wp:attachment":[{"href":"https:\/\/rs-formation-conseil.fr\/index.php\/wp-json\/wp\/v2\/media?parent=6"}],"curies":[{"name":"wp","href":"https:\/\/api.w.org\/{rel}","templated":true}]}}